{"id":536,"date":"2021-04-07T09:17:28","date_gmt":"2021-04-07T09:17:28","guid":{"rendered":"http:\/\/hotelturist.rs\/?page_id=536"},"modified":"2021-04-07T15:42:16","modified_gmt":"2021-04-07T15:42:16","slug":"naslovna","status":"publish","type":"page","link":"https:\/\/hotelturist.rs\/en\/","title":{"rendered":"Home"},"content":{"rendered":"\t\t<div data-elementor-type=\"wp-page\" data-elementor-id=\"536\" class=\"elementor elementor-536\">\n\t\t\t\t\t\t<section class=\"elementor-section elementor-top-section elementor-element elementor-element-a91cdb2 elementor-section-full_width elementor-section-height-default elementor-section-height-default\" data-id=\"a91cdb2\" data-element_type=\"section\">\n\t\t\t\t\t\t<div class=\"elementor-container elementor-column-gap-default\">\n\t\t\t\t\t<div class=\"elementor-column elementor-col-100 elementor-top-column elementor-element elementor-element-edc4373\" data-id=\"edc4373\" data-element_type=\"column\">\n\t\t\t<div class=\"elementor-widget-wrap elementor-element-populated\">\n\t\t\t\t\t\t<section class=\"elementor-section elementor-inner-section elementor-element elementor-element-2588a4c elementor-section-boxed elementor-section-height-default elementor-section-height-default\" data-id=\"2588a4c\" data-element_type=\"section\">\n\t\t\t\t\t\t<div class=\"elementor-container elementor-column-gap-extended\">\n\t\t\t\t\t<div class=\"elementor-column elementor-col-50 elementor-inner-column elementor-element elementor-element-794e436\" data-id=\"794e436\" data-element_type=\"column\">\n\t\t\t<div class=\"elementor-widget-wrap elementor-element-populated\">\n\t\t\t\t\t\t<div class=\"elementor-element elementor-element-2ee7767 elementor-arrows-position-inside elementor-widget elementor-widget-image-carousel\" data-id=\"2ee7767\" data-element_type=\"widget\" data-settings=\"{&quot;slides_to_show&quot;:&quot;1&quot;,&quot;navigation&quot;:&quot;arrows&quot;,&quot;autoplay_speed&quot;:4000,&quot;effect&quot;:&quot;fade&quot;,&quot;speed&quot;:900,&quot;autoplay&quot;:&quot;yes&quot;,&quot;pause_on_hover&quot;:&quot;yes&quot;,&quot;pause_on_interaction&quot;:&quot;yes&quot;,&quot;infinite&quot;:&quot;yes&quot;}\" data-widget_type=\"image-carousel.default\">\n\t\t\t\t<div class=\"elementor-widget-container\">\n\t\t\t\t\t<div class=\"elementor-image-carousel-wrapper swiper\" dir=\"ltr\">\n\t\t\t<div class=\"elementor-image-carousel swiper-wrapper\" aria-live=\"off\">\n\t\t\t\t\t\t\t\t<div class=\"swiper-slide\" role=\"group\" aria-roledescription=\"slide\" aria-label=\"1 of 6\"><figure class=\"swiper-slide-inner\"><img decoding=\"async\" class=\"swiper-slide-image\" src=\"https:\/\/hotelturist.rs\/hotel\/wp-content\/uploads\/elementor\/thumbs\/hotel-turist-restoran-bajina-basta-8-lyvi1s8v1pl00xapqb5poxvzscbvk7jxpzm94wbq8k.jpg\" alt=\"hotel-turist-restoran-bajina-basta-8\" \/><\/figure><\/div><div class=\"swiper-slide\" role=\"group\" aria-roledescription=\"slide\" aria-label=\"2 of 6\"><figure class=\"swiper-slide-inner\"><img decoding=\"async\" class=\"swiper-slide-image\" src=\"https:\/\/hotelturist.rs\/hotel\/wp-content\/uploads\/elementor\/thumbs\/hotel-turist-restoran-bajina-basta-2-lyvi0x86s6ejdsjrrfr0wnps6mkri74slq38arlpxw.jpg\" alt=\"hotel-turist-restoran-bajina-basta-2\" \/><\/figure><\/div><div class=\"swiper-slide\" role=\"group\" aria-roledescription=\"slide\" aria-label=\"3 of 6\"><figure class=\"swiper-slide-inner\"><img decoding=\"async\" class=\"swiper-slide-image\" src=\"https:\/\/hotelturist.rs\/hotel\/wp-content\/uploads\/elementor\/thumbs\/hotel-turist-restoran-bajina-basta-4-lyvi15oqhoq4aa7he1eo13kxj3f2fh2dmvylm996dw.jpg\" alt=\"hotel-turist-restoran-bajina-basta-4\" \/><\/figure><\/div><div class=\"swiper-slide\" role=\"group\" aria-roledescription=\"slide\" aria-label=\"4 of 6\"><figure class=\"swiper-slide-inner\"><img decoding=\"async\" class=\"swiper-slide-image\" src=\"https:\/\/hotelturist.rs\/hotel\/wp-content\/uploads\/elementor\/thumbs\/hotel-turist-restoran-bajina-basta-115-lyvi3gej73vcnyvbz15u4ipht03d8u6ra9dbuluj6c.jpg\" alt=\"hotel-turist-restoran-bajina-basta-115\" \/><\/figure><\/div><div class=\"swiper-slide\" role=\"group\" aria-roledescription=\"slide\" aria-label=\"5 of 6\"><figure class=\"swiper-slide-inner\"><img decoding=\"async\" class=\"swiper-slide-image\" src=\"https:\/\/hotelturist.rs\/hotel\/wp-content\/uploads\/elementor\/thumbs\/hotel-turist-restoran-bajina-basta-117-lyvi3wdsfah85c84dq2hswobwjwlvoy70ggl0b6u8k.jpg\" alt=\"hotel-turist-restoran-bajina-basta-117\" \/><\/figure><\/div><div class=\"swiper-slide\" role=\"group\" aria-roledescription=\"slide\" aria-label=\"6 of 6\"><figure class=\"swiper-slide-inner\"><img decoding=\"async\" class=\"swiper-slide-image\" src=\"https:\/\/hotelturist.rs\/hotel\/wp-content\/uploads\/elementor\/thumbs\/hotel-turist-restoran-bajina-basta-9-lyvi1xvw6pspyl2itdlh3wgrcnk2ue6bqrj60k3d78.jpg\" alt=\"hotel-turist-restoran-bajina-basta-9\" \/><\/figure><\/div>\t\t\t<\/div>\n\t\t\t\t\t\t\t\t\t\t\t\t<div class=\"elementor-swiper-button elementor-swiper-button-prev\" role=\"button\" tabindex=\"0\">\n\t\t\t\t\t\t<i aria-hidden=\"true\" class=\"eicon-chevron-left\"><\/i>\t\t\t\t\t<\/div>\n\t\t\t\t\t<div class=\"elementor-swiper-button elementor-swiper-button-next\" role=\"button\" tabindex=\"0\">\n\t\t\t\t\t\t<i aria-hidden=\"true\" class=\"eicon-chevron-right\"><\/i>\t\t\t\t\t<\/div>\n\t\t\t\t\n\t\t\t\t\t\t\t\t\t<\/div>\n\t\t\t\t<\/div>\n\t\t\t\t<\/div>\n\t\t\t\t<div class=\"elementor-element elementor-element-fe81ab5 elementor-widget elementor-widget-text-editor\" data-id=\"fe81ab5\" data-element_type=\"widget\" data-widget_type=\"text-editor.default\">\n\t\t\t\t<div class=\"elementor-widget-container\">\n\t\t\t\t\t\t\t<blockquote><p><strong>Dobrodo\u0161li u Hotel Turist u Bajinoj Ba\u0161ti, najlep\u0161oj varo\u0161ici Zapadne Srbije. <\/strong>Dok u\u017eivate u otmenom restoranu hotela kroz kuhinjske prozore mo\u017eete posmatrati pripremu najlep\u0161ih srpskih jela. Sa 11 apartmana i 3 sobe elegantnog izgleda, velikog komfora, u\u010dini\u0107emo Va\u0161 boravak jedinstvenim.<\/p><\/blockquote>\t\t\t\t\t\t<\/div>\n\t\t\t\t<\/div>\n\t\t\t\t\t<\/div>\n\t\t<\/div>\n\t\t\t\t<div class=\"elementor-column elementor-col-50 elementor-inner-column elementor-element elementor-element-294ae8e\" data-id=\"294ae8e\" data-element_type=\"column\">\n\t\t\t<div class=\"elementor-widget-wrap elementor-element-populated\">\n\t\t\t\t\t\t<div class=\"elementor-element elementor-element-082009e elementor-arrows-position-inside elementor-widget elementor-widget-image-carousel\" data-id=\"082009e\" data-element_type=\"widget\" data-settings=\"{&quot;slides_to_show&quot;:&quot;1&quot;,&quot;navigation&quot;:&quot;arrows&quot;,&quot;autoplay_speed&quot;:4000,&quot;effect&quot;:&quot;fade&quot;,&quot;speed&quot;:900,&quot;autoplay&quot;:&quot;yes&quot;,&quot;pause_on_hover&quot;:&quot;yes&quot;,&quot;pause_on_interaction&quot;:&quot;yes&quot;,&quot;infinite&quot;:&quot;yes&quot;}\" data-widget_type=\"image-carousel.default\">\n\t\t\t\t<div class=\"elementor-widget-container\">\n\t\t\t\t\t<div class=\"elementor-image-carousel-wrapper swiper\" dir=\"ltr\">\n\t\t\t<div class=\"elementor-image-carousel swiper-wrapper\" aria-live=\"off\">\n\t\t\t\t\t\t\t\t<div class=\"swiper-slide\" role=\"group\" aria-roledescription=\"slide\" aria-label=\"1 of 7\"><figure class=\"swiper-slide-inner\"><img decoding=\"async\" class=\"swiper-slide-image\" src=\"https:\/\/hotelturist.rs\/hotel\/wp-content\/uploads\/elementor\/thumbs\/hotel-turist-bajina-basta-smestaj-apartman-6-o3imdrsig1kmir98i67fn80wturbxx1cnoj5m8dx90.jpg\" alt=\"hotel-turist-bajina-basta-smestaj-apartman-6\" \/><\/figure><\/div><div class=\"swiper-slide\" role=\"group\" aria-roledescription=\"slide\" aria-label=\"2 of 7\"><figure class=\"swiper-slide-inner\"><img decoding=\"async\" class=\"swiper-slide-image\" src=\"https:\/\/hotelturist.rs\/hotel\/wp-content\/uploads\/elementor\/thumbs\/hotel-turist-bajina-basta-smestaj-5-2-o3ikxagwv1qaajhkyhjbfgsetdfk6aovfx970278no.jpg\" alt=\"hotel-turist-bajina-basta-smestaj-5\" \/><\/figure><\/div><div class=\"swiper-slide\" role=\"group\" aria-roledescription=\"slide\" aria-label=\"3 of 7\"><figure class=\"swiper-slide-inner\"><img decoding=\"async\" class=\"swiper-slide-image\" src=\"https:\/\/hotelturist.rs\/hotel\/wp-content\/uploads\/elementor\/thumbs\/hotel-turist-bajina-basta-smestaj-7-1-o3ikcps39lkc5tdh3ldaunp6pqubot0dy36ku0pgus.jpg\" alt=\"hotel-turist-bajina-basta-smestaj 7\" \/><\/figure><\/div><div class=\"swiper-slide\" role=\"group\" aria-roledescription=\"slide\" aria-label=\"4 of 7\"><figure class=\"swiper-slide-inner\"><img decoding=\"async\" class=\"swiper-slide-image\" src=\"https:\/\/hotelturist.rs\/hotel\/wp-content\/uploads\/elementor\/thumbs\/hotel-turist-bajina-basta-smestaj-39-o3idu0guru9v70akln3vrduqx5nwpk97ceyxxqpcic.jpg\" alt=\"hotel-turist-bajina-basta-smestaj (39)\" \/><\/figure><\/div><div class=\"swiper-slide\" role=\"group\" aria-roledescription=\"slide\" aria-label=\"5 of 7\"><figure class=\"swiper-slide-inner\"><img decoding=\"async\" class=\"swiper-slide-image\" src=\"https:\/\/hotelturist.rs\/hotel\/wp-content\/uploads\/elementor\/thumbs\/hotel-turist-bajina-basta-kontakt-3-m6vwv26o1tyzex50ltmk71dmu5zvqyb67jc6zh3o2c.jpg\" alt=\"hotel-turist-bajina-basta-kontakt-3\" \/><\/figure><\/div><div class=\"swiper-slide\" role=\"group\" aria-roledescription=\"slide\" aria-label=\"6 of 7\"><figure class=\"swiper-slide-inner\"><img decoding=\"async\" class=\"swiper-slide-image\" src=\"https:\/\/hotelturist.rs\/hotel\/wp-content\/uploads\/elementor\/thumbs\/hotel-turist-soba-bajina-basta-7-m0k7lj5ueq85g0ko9kamxvpw1bv9ebp4ul0bsf2v84.jpg\" alt=\"hotel-turist-soba--bajina-basta-7\" \/><\/figure><\/div><div class=\"swiper-slide\" role=\"group\" aria-roledescription=\"slide\" aria-label=\"7 of 7\"><figure class=\"swiper-slide-inner\"><img decoding=\"async\" class=\"swiper-slide-image\" src=\"https:\/\/hotelturist.rs\/hotel\/wp-content\/uploads\/elementor\/thumbs\/hotel-turist-bajina-basta-1-m0k5myg39jm3q137dk2286uyctq4ggio59mvlhq0es.jpg\" alt=\"hotel-turist-bajina-basta-1\" \/><\/figure><\/div>\t\t\t<\/div>\n\t\t\t\t\t\t\t\t\t\t\t\t<div class=\"elementor-swiper-button elementor-swiper-button-prev\" role=\"button\" tabindex=\"0\">\n\t\t\t\t\t\t<i aria-hidden=\"true\" class=\"eicon-chevron-left\"><\/i>\t\t\t\t\t<\/div>\n\t\t\t\t\t<div class=\"elementor-swiper-button elementor-swiper-button-next\" role=\"button\" tabindex=\"0\">\n\t\t\t\t\t\t<i aria-hidden=\"true\" class=\"eicon-chevron-right\"><\/i>\t\t\t\t\t<\/div>\n\t\t\t\t\n\t\t\t\t\t\t\t\t\t<\/div>\n\t\t\t\t<\/div>\n\t\t\t\t<\/div>\n\t\t\t\t<div class=\"elementor-element elementor-element-dcafe08 elementor-widget elementor-widget-text-editor\" data-id=\"dcafe08\" data-element_type=\"widget\" data-widget_type=\"text-editor.default\">\n\t\t\t\t<div class=\"elementor-widget-container\">\n\t\t\t\t\t\t\t<blockquote><p><strong>&#8220;Turist VD&#8221;\u00a0 Hotel u Bajinoj Ba\u0161ta u ponudi ima 14 soba visokog kvaliteta. <\/strong>Sve sobe su modernog dizajna, elegantne i opremljene klimom, telefonskom linijom, besplatnim internetom, LCD televizorom sa kablovskim programom, mini barom i sefom.<\/p><\/blockquote>\t\t\t\t\t\t<\/div>\n\t\t\t\t<\/div>\n\t\t\t\t\t<\/div>\n\t\t<\/div>\n\t\t\t\t\t<\/div>\n\t\t<\/section>\n\t\t\t\t\t<\/div>\n\t\t<\/div>\n\t\t\t\t\t<\/div>\n\t\t<\/section>\n\t\t\t\t<section class=\"elementor-section elementor-top-section elementor-element elementor-element-fc95042 elementor-section-boxed elementor-section-height-default elementor-section-height-default\" data-id=\"fc95042\" data-element_type=\"section\">\n\t\t\t\t\t\t<div class=\"elementor-container elementor-column-gap-default\">\n\t\t\t\t\t<div class=\"elementor-column elementor-col-100 elementor-top-column elementor-element elementor-element-e2fea83\" data-id=\"e2fea83\" data-element_type=\"column\">\n\t\t\t<div class=\"elementor-widget-wrap elementor-element-populated\">\n\t\t\t\t\t\t<div class=\"elementor-element elementor-element-411efab elementor-button-info elementor-align-center elementor-widget elementor-widget-button\" data-id=\"411efab\" data-element_type=\"widget\" data-widget_type=\"button.default\">\n\t\t\t\t<div class=\"elementor-widget-container\">\n\t\t\t\t\t<div class=\"elementor-button-wrapper\">\n\t\t\t<a class=\"elementor-button elementor-button-link elementor-size-sm\" href=\"http:\/\/hotelturist.rs\/rezervacije\/\">\n\t\t\t\t\t\t<span class=\"elementor-button-content-wrapper\">\n\t\t\t\t\t\t<span class=\"elementor-button-icon elementor-align-icon-left\">\n\t\t\t\t<i aria-hidden=\"true\" class=\"fas fa-bed\"><\/i>\t\t\t<\/span>\n\t\t\t\t\t\t\t\t\t<span class=\"elementor-button-text\">REZERVI\u0160ITE SME\u0160TAJ<\/span>\n\t\t\t\t\t<\/span>\n\t\t\t\t\t<\/a>\n\t\t<\/div>\n\t\t\t\t<\/div>\n\t\t\t\t<\/div>\n\t\t\t\t\t<\/div>\n\t\t<\/div>\n\t\t\t\t\t<\/div>\n\t\t<\/section>\n\t\t\t\t<section class=\"elementor-section elementor-top-section elementor-element elementor-element-09d877b elementor-section-full_width elementor-section-height-default elementor-section-height-default\" data-id=\"09d877b\" data-element_type=\"section\">\n\t\t\t\t\t\t<div class=\"elementor-container elementor-column-gap-default\">\n\t\t\t\t\t<div class=\"elementor-column elementor-col-100 elementor-top-column elementor-element elementor-element-e8738ed\" data-id=\"e8738ed\" data-element_type=\"column\" data-settings=\"{&quot;background_background&quot;:&quot;classic&quot;}\">\n\t\t\t<div class=\"elementor-widget-wrap elementor-element-populated\">\n\t\t\t\t\t\t<section class=\"elementor-section elementor-inner-section elementor-element elementor-element-91c0511 elementor-section-boxed elementor-section-height-default elementor-section-height-default\" data-id=\"91c0511\" data-element_type=\"section\">\n\t\t\t\t\t\t<div class=\"elementor-container elementor-column-gap-default\">\n\t\t\t\t\t<div class=\"elementor-column elementor-col-50 elementor-inner-column elementor-element elementor-element-0184fd1\" data-id=\"0184fd1\" data-element_type=\"column\">\n\t\t\t<div class=\"elementor-widget-wrap elementor-element-populated\">\n\t\t\t\t\t\t<div class=\"elementor-element elementor-element-fe9ca0d elementor-widget elementor-widget-text-editor\" data-id=\"fe9ca0d\" data-element_type=\"widget\" data-widget_type=\"text-editor.default\">\n\t\t\t\t<div class=\"elementor-widget-container\">\n\t\t\t\t\t\t\t<blockquote><p><strong>Tu samo da vam pomognemo u organizaciji va\u0161eg vremena i obilasku atraktivnih lokacija u blizini. <\/strong>Kalu\u0111erske Bare na Tari su samo 13km od na\u0161eg sme\u0161taja. Ku\u0107ica na Drini na 1km, Manastir Ra\u010da 4km. U blizini je i jezero Peru\u0107ac, vidikovac Banjska Stena, re\u010dica Vrelo.\u00a0 Lako se mogu organizovati i izleti do Zaovina, Mokre Gore, Vi\u0161egrada i Zlatibora.<\/p><\/blockquote>\t\t\t\t\t\t<\/div>\n\t\t\t\t<\/div>\n\t\t\t\t\t<\/div>\n\t\t<\/div>\n\t\t\t\t<div class=\"elementor-column elementor-col-50 elementor-inner-column elementor-element elementor-element-d59d4c5\" data-id=\"d59d4c5\" data-element_type=\"column\">\n\t\t\t<div class=\"elementor-widget-wrap elementor-element-populated\">\n\t\t\t\t\t\t<div class=\"elementor-element elementor-element-c8952c7 elementor-widget elementor-widget-google_maps\" data-id=\"c8952c7\" data-element_type=\"widget\" data-widget_type=\"google_maps.default\">\n\t\t\t\t<div class=\"elementor-widget-container\">\n\t\t\t\t\t<div class=\"elementor-custom-embed\">\n\t\t\t<iframe loading=\"lazy\"\n\t\t\t\t\tsrc=\"https:\/\/maps.google.com\/maps?q=Hotel%20Turist%20Bajina%20Ba%C5%A1ta&#038;t=m&#038;z=17&#038;output=embed&#038;iwloc=near\"\n\t\t\t\t\ttitle=\"Hotel Turist Bajina Ba\u0161ta\"\n\t\t\t\t\taria-label=\"Hotel Turist Bajina Ba\u0161ta\"\n\t\t\t><\/iframe>\n\t\t<\/div>\n\t\t\t\t<\/div>\n\t\t\t\t<\/div>\n\t\t\t\t\t<\/div>\n\t\t<\/div>\n\t\t\t\t\t<\/div>\n\t\t<\/section>\n\t\t\t\t\t<\/div>\n\t\t<\/div>\n\t\t\t\t\t<\/div>\n\t\t<\/section>\n\t\t\t\t<section class=\"elementor-section elementor-top-section elementor-element elementor-element-31913e1 elementor-section-boxed elementor-section-height-default elementor-section-height-default\" data-id=\"31913e1\" data-element_type=\"section\">\n\t\t\t\t\t\t<div class=\"elementor-container elementor-column-gap-default\">\n\t\t\t\t\t<div class=\"elementor-column elementor-col-100 elementor-top-column elementor-element elementor-element-d8c1da5\" data-id=\"d8c1da5\" data-element_type=\"column\" data-settings=\"{&quot;background_background&quot;:&quot;gradient&quot;}\">\n\t\t\t<div class=\"elementor-widget-wrap\">\n\t\t\t\t\t\t\t<\/div>\n\t\t<\/div>\n\t\t\t\t\t<\/div>\n\t\t<\/section>\n\t\t\t\t<\/div>\n\t\t","protected":false},"excerpt":{"rendered":"<p>Previous Next Dobrodo\u0161li u Hotel Turist u Bajinoj Ba\u0161ti, najlep\u0161oj varo\u0161ici Zapadne Srbije. Dok u\u017eivate u otmenom restoranu hotela kroz kuhinjske prozore mo\u017eete posmatrati pripremu najlep\u0161ih srpskih jela. Sa 11 apartmana i 3 sobe elegantnog izgleda, velikog komfora, u\u010dini\u0107emo Va\u0161 boravak jedinstvenim. Previous Next &#8220;Turist VD&#8221;\u00a0 Hotel u Bajinoj Ba\u0161ta u ponudi ima 14 soba [&hellip;]<\/p>\n","protected":false},"author":1,"featured_media":0,"parent":0,"menu_order":0,"comment_status":"closed","ping_status":"closed","template":"page_slider_extended.php","meta":{"footnotes":""},"class_list":["post-536","page","type-page","status-publish","hentry"],"_links":{"self":[{"href":"https:\/\/hotelturist.rs\/en\/wp-json\/wp\/v2\/pages\/536","targetHints":{"allow":["GET"]}}],"collection":[{"href":"https:\/\/hotelturist.rs\/en\/wp-json\/wp\/v2\/pages"}],"about":[{"href":"https:\/\/hotelturist.rs\/en\/wp-json\/wp\/v2\/types\/page"}],"author":[{"embeddable":true,"href":"https:\/\/hotelturist.rs\/en\/wp-json\/wp\/v2\/users\/1"}],"replies":[{"embeddable":true,"href":"https:\/\/hotelturist.rs\/en\/wp-json\/wp\/v2\/comments?post=536"}],"version-history":[{"count":87,"href":"https:\/\/hotelturist.rs\/en\/wp-json\/wp\/v2\/pages\/536\/revisions"}],"predecessor-version":[{"id":636,"href":"https:\/\/hotelturist.rs\/en\/wp-json\/wp\/v2\/pages\/536\/revisions\/636"}],"wp:attachment":[{"href":"https:\/\/hotelturist.rs\/en\/wp-json\/wp\/v2\/media?parent=536"}],"curies":[{"name":"wp","href":"https:\/\/api.w.org\/{rel}","templated":true}]}}